{"id":3975,"date":"2025-03-24T12:30:41","date_gmt":"2025-03-24T11:30:41","guid":{"rendered":"https:\/\/www.qusaine.com\/?post_type=product&#038;p=3975"},"modified":"2025-03-24T17:42:29","modified_gmt":"2025-03-24T16:42:29","slug":"23012-grsd-perfume-unisex","status":"publish","type":"product","link":"https:\/\/www.qusaine.com\/eau\/23010-kone-perfume-unisex-copia\/","title":{"rendered":"23012 GRSD Perfume Unisex"},"content":{"rendered":"<p>23012 GRSD es\u00a0un misterio en forma de aroma, que refleja una esencia indivisible entre el blanco y el negro. Como si fuera un tejido floral finamente plisado con notas de rosa y jazm\u00edn, esta fragancia despliega una variedad de matices, entrelazando acordes florales y amaderados. De esta combinaci\u00f3n nace una impresi\u00f3n de profundidad y amplitud, una fragancia unisex que fusiona distintos tonos olfativos en una esencia floral enigm\u00e1tica, enriquecida con toques c\u00edtricos, de bergamota, pachuli y musgo de roble y s\u00e1ndalo. Este perfume unisex juega con los contrastes y revela los matices m\u00e1s atrevidos de quienes lo eligen.<\/p>\n<p>Conoce todos nuestros productos <a href=\"https:\/\/www.qusaine.com\/productos\/\">aqu\u00ed<\/a>.<\/p>\n","protected":false},"excerpt":{"rendered":"<p>23012 GRSD es\u00a0un misterio en forma de aroma, que refleja una esencia indivisible entre el blanco y el negro. Como si fuera un tejido floral finamente plisado con notas de rosa y jazm\u00edn, esta fragancia despliega una variedad de matices, entrelazando acordes florales y amaderados. De esta combinaci\u00f3n nace una impresi\u00f3n de profundidad y amplitud, una fragancia unisex que fusiona distintos tonos olfativos en una esencia floral enigm\u00e1tica, enriquecida con toques c\u00edtricos, de bergamota, pachuli y musgo de roble y s\u00e1ndalo. Este perfume unisex juega con los contrastes y revela los matices m\u00e1s atrevidos de quienes lo eligen.<\/p>\n<p><strong>Familia Olfativa: Floral<\/strong><\/p>\n","protected":false},"featured_media":3980,"comment_status":"closed","ping_status":"closed","template":"","meta":{"_acf_changed":false},"product_brand":[],"product_cat":[599,602],"product_tag":[608,609,613],"class_list":{"0":"post-3975","1":"product","2":"type-product","3":"status-publish","4":"has-post-thumbnail","6":"product_cat-eau","7":"product_cat-unisex","8":"product_tag-eau","9":"product_tag-perfume","10":"product_tag-unisex","12":"first","13":"instock","14":"taxable","15":"shipping-taxable","16":"purchasable","17":"product-type-variable"},"acf":[],"yoast_head":"<!-- This site is optimized with the Yoast SEO Premium plugin v21.2 (Yoast SEO v27.4) - https:\/\/yoast.com\/product\/yoast-seo-premium-wordpress\/ -->\n<title>23012 GRSD Perfume Unisex | Qusaine Pro | Productos inspirados en la naturaleza<\/title>\n<meta name=\"description\" content=\"Perfume unisex que fusiona distintos tonos olfativos en una esencia floral enigm\u00e1tica, enriquecida con toques c\u00edtricos, florales y amaderados.\" \/>\n<meta name=\"robots\" content=\"index, follow, max-snippet:-1, max-image-preview:large, max-video-preview:-1\" \/>\n<link rel=\"canonical\" href=\"https:\/\/www.qusaine.com\/en\/eau\/23010-kone-perfume-unisex-copia\/\" \/>\n<meta property=\"og:locale\" content=\"en_US\" \/>\n<meta property=\"og:type\" content=\"article\" \/>\n<meta property=\"og:title\" content=\"23012 GRSD Perfume Unisex\" \/>\n<meta property=\"og:description\" content=\"Perfume unisex que fusiona distintos tonos olfativos en una esencia floral enigm\u00e1tica, enriquecida con toques c\u00edtricos, florales y amaderados.\" \/>\n<meta property=\"og:url\" content=\"https:\/\/www.qusaine.com\/eau\/23010-kone-perfume-unisex-copia\/\" \/>\n<meta property=\"og:site_name\" content=\"Qusaine Pro | Productos inspirados en la naturaleza\" \/>\n<meta property=\"article:publisher\" content=\"https:\/\/www.facebook.com\/QusaineQualityCosmetics\/\" \/>\n<meta property=\"article:modified_time\" content=\"2025-03-24T16:42:29+00:00\" \/>\n<meta property=\"og:image\" content=\"https:\/\/www.qusaine.com\/wp-content\/uploads\/2025\/03\/DSC08298-EAU100-23012GRSD-Unisex-683x1024.png\" \/>\n\t<meta property=\"og:image:width\" content=\"683\" \/>\n\t<meta property=\"og:image:height\" content=\"1024\" \/>\n\t<meta property=\"og:image:type\" content=\"image\/png\" \/>\n<meta name=\"twitter:card\" content=\"summary_large_image\" \/>\n<meta name=\"twitter:label1\" content=\"Est. reading time\" \/>\n\t<meta name=\"twitter:data1\" content=\"1 minute\" \/>\n<script type=\"application\/ld+json\" class=\"yoast-schema-graph\">{\"@context\":\"https:\\\/\\\/schema.org\",\"@graph\":[{\"@type\":\"WebPage\",\"@id\":\"https:\\\/\\\/www.qusaine.com\\\/eau\\\/23010-kone-perfume-unisex-copia\\\/\",\"url\":\"https:\\\/\\\/www.qusaine.com\\\/eau\\\/23010-kone-perfume-unisex-copia\\\/\",\"name\":\"23012 GRSD Perfume Unisex | Qusaine Pro | Productos inspirados en la naturaleza\",\"isPartOf\":{\"@id\":\"https:\\\/\\\/www.qusaine.com\\\/en\\\/#website\"},\"primaryImageOfPage\":{\"@id\":\"https:\\\/\\\/www.qusaine.com\\\/eau\\\/23010-kone-perfume-unisex-copia\\\/#primaryimage\"},\"image\":{\"@id\":\"https:\\\/\\\/www.qusaine.com\\\/eau\\\/23010-kone-perfume-unisex-copia\\\/#primaryimage\"},\"thumbnailUrl\":\"https:\\\/\\\/www.qusaine.com\\\/wp-content\\\/uploads\\\/2025\\\/03\\\/DSC08298-EAU100-23012GRSD-Unisex.png\",\"datePublished\":\"2025-03-24T11:30:41+00:00\",\"dateModified\":\"2025-03-24T16:42:29+00:00\",\"description\":\"Perfume unisex que fusiona distintos tonos olfativos en una esencia floral enigm\u00e1tica, enriquecida con toques c\u00edtricos, florales y amaderados.\",\"breadcrumb\":{\"@id\":\"https:\\\/\\\/www.qusaine.com\\\/eau\\\/23010-kone-perfume-unisex-copia\\\/#breadcrumb\"},\"inLanguage\":\"en-US\",\"potentialAction\":[{\"@type\":\"ReadAction\",\"target\":[\"https:\\\/\\\/www.qusaine.com\\\/eau\\\/23010-kone-perfume-unisex-copia\\\/\"]}]},{\"@type\":\"ImageObject\",\"inLanguage\":\"en-US\",\"@id\":\"https:\\\/\\\/www.qusaine.com\\\/eau\\\/23010-kone-perfume-unisex-copia\\\/#primaryimage\",\"url\":\"https:\\\/\\\/www.qusaine.com\\\/wp-content\\\/uploads\\\/2025\\\/03\\\/DSC08298-EAU100-23012GRSD-Unisex.png\",\"contentUrl\":\"https:\\\/\\\/www.qusaine.com\\\/wp-content\\\/uploads\\\/2025\\\/03\\\/DSC08298-EAU100-23012GRSD-Unisex.png\",\"width\":2624,\"height\":3936},{\"@type\":\"BreadcrumbList\",\"@id\":\"https:\\\/\\\/www.qusaine.com\\\/eau\\\/23010-kone-perfume-unisex-copia\\\/#breadcrumb\",\"itemListElement\":[{\"@type\":\"ListItem\",\"position\":1,\"name\":\"Home\",\"item\":\"https:\\\/\\\/www.qusaine.com\\\/en\\\/\"},{\"@type\":\"ListItem\",\"position\":2,\"name\":\"Shop\",\"item\":\"https:\\\/\\\/www.qusaine.com\\\/en\\\/shop\\\/\"},{\"@type\":\"ListItem\",\"position\":3,\"name\":\"23012 GRSD Perfume Unisex\"}]},{\"@type\":\"WebSite\",\"@id\":\"https:\\\/\\\/www.qusaine.com\\\/en\\\/#website\",\"url\":\"https:\\\/\\\/www.qusaine.com\\\/en\\\/\",\"name\":\"Qusaine Pro | Productos inspirados en la naturaleza\",\"description\":\"La naturaleza nos inspira. Cosm\u00e9tica sana, segura y de calidad\",\"publisher\":{\"@id\":\"https:\\\/\\\/www.qusaine.com\\\/en\\\/#organization\"},\"potentialAction\":[{\"@type\":\"SearchAction\",\"target\":{\"@type\":\"EntryPoint\",\"urlTemplate\":\"https:\\\/\\\/www.qusaine.com\\\/en\\\/?s={search_term_string}\"},\"query-input\":{\"@type\":\"PropertyValueSpecification\",\"valueRequired\":true,\"valueName\":\"search_term_string\"}}],\"inLanguage\":\"en-US\"},{\"@type\":\"Organization\",\"@id\":\"https:\\\/\\\/www.qusaine.com\\\/en\\\/#organization\",\"name\":\"LabfS\",\"url\":\"https:\\\/\\\/www.qusaine.com\\\/en\\\/\",\"logo\":{\"@type\":\"ImageObject\",\"inLanguage\":\"en-US\",\"@id\":\"https:\\\/\\\/www.qusaine.com\\\/en\\\/#\\\/schema\\\/logo\\\/image\\\/\",\"url\":\"https:\\\/\\\/www.qusaine.com\\\/wp-content\\\/uploads\\\/2026\\\/02\\\/Logo-QusainePRO-natural.png\",\"contentUrl\":\"https:\\\/\\\/www.qusaine.com\\\/wp-content\\\/uploads\\\/2026\\\/02\\\/Logo-QusainePRO-natural.png\",\"width\":1668,\"height\":1668,\"caption\":\"LabfS\"},\"image\":{\"@id\":\"https:\\\/\\\/www.qusaine.com\\\/en\\\/#\\\/schema\\\/logo\\\/image\\\/\"},\"sameAs\":[\"https:\\\/\\\/www.facebook.com\\\/QusaineQualityCosmetics\\\/\",\"https:\\\/\\\/www.instagram.com\\\/qusaine_pro\"]}]}<\/script>\n<!-- \/ Yoast SEO Premium plugin. -->","yoast_head_json":{"title":"23012 GRSD Perfume Unisex | Qusaine Pro | Productos inspirados en la naturaleza","description":"Perfume unisex que fusiona distintos tonos olfativos en una esencia floral enigm\u00e1tica, enriquecida con toques c\u00edtricos, florales y amaderados.","robots":{"index":"index","follow":"follow","max-snippet":"max-snippet:-1","max-image-preview":"max-image-preview:large","max-video-preview":"max-video-preview:-1"},"canonical":"https:\/\/www.qusaine.com\/en\/eau\/23010-kone-perfume-unisex-copia\/","og_locale":"en_US","og_type":"article","og_title":"23012 GRSD Perfume Unisex","og_description":"Perfume unisex que fusiona distintos tonos olfativos en una esencia floral enigm\u00e1tica, enriquecida con toques c\u00edtricos, florales y amaderados.","og_url":"https:\/\/www.qusaine.com\/eau\/23010-kone-perfume-unisex-copia\/","og_site_name":"Qusaine Pro | Productos inspirados en la naturaleza","article_publisher":"https:\/\/www.facebook.com\/QusaineQualityCosmetics\/","article_modified_time":"2025-03-24T16:42:29+00:00","og_image":[{"width":683,"height":1024,"url":"https:\/\/www.qusaine.com\/wp-content\/uploads\/2025\/03\/DSC08298-EAU100-23012GRSD-Unisex-683x1024.png","type":"image\/png"}],"twitter_card":"summary_large_image","twitter_misc":{"Est. reading time":"1 minute"},"schema":{"@context":"https:\/\/schema.org","@graph":[{"@type":"WebPage","@id":"https:\/\/www.qusaine.com\/eau\/23010-kone-perfume-unisex-copia\/","url":"https:\/\/www.qusaine.com\/eau\/23010-kone-perfume-unisex-copia\/","name":"23012 GRSD Perfume Unisex | Qusaine Pro | Productos inspirados en la naturaleza","isPartOf":{"@id":"https:\/\/www.qusaine.com\/en\/#website"},"primaryImageOfPage":{"@id":"https:\/\/www.qusaine.com\/eau\/23010-kone-perfume-unisex-copia\/#primaryimage"},"image":{"@id":"https:\/\/www.qusaine.com\/eau\/23010-kone-perfume-unisex-copia\/#primaryimage"},"thumbnailUrl":"https:\/\/www.qusaine.com\/wp-content\/uploads\/2025\/03\/DSC08298-EAU100-23012GRSD-Unisex.png","datePublished":"2025-03-24T11:30:41+00:00","dateModified":"2025-03-24T16:42:29+00:00","description":"Perfume unisex que fusiona distintos tonos olfativos en una esencia floral enigm\u00e1tica, enriquecida con toques c\u00edtricos, florales y amaderados.","breadcrumb":{"@id":"https:\/\/www.qusaine.com\/eau\/23010-kone-perfume-unisex-copia\/#breadcrumb"},"inLanguage":"en-US","potentialAction":[{"@type":"ReadAction","target":["https:\/\/www.qusaine.com\/eau\/23010-kone-perfume-unisex-copia\/"]}]},{"@type":"ImageObject","inLanguage":"en-US","@id":"https:\/\/www.qusaine.com\/eau\/23010-kone-perfume-unisex-copia\/#primaryimage","url":"https:\/\/www.qusaine.com\/wp-content\/uploads\/2025\/03\/DSC08298-EAU100-23012GRSD-Unisex.png","contentUrl":"https:\/\/www.qusaine.com\/wp-content\/uploads\/2025\/03\/DSC08298-EAU100-23012GRSD-Unisex.png","width":2624,"height":3936},{"@type":"BreadcrumbList","@id":"https:\/\/www.qusaine.com\/eau\/23010-kone-perfume-unisex-copia\/#breadcrumb","itemListElement":[{"@type":"ListItem","position":1,"name":"Home","item":"https:\/\/www.qusaine.com\/en\/"},{"@type":"ListItem","position":2,"name":"Shop","item":"https:\/\/www.qusaine.com\/en\/shop\/"},{"@type":"ListItem","position":3,"name":"23012 GRSD Perfume Unisex"}]},{"@type":"WebSite","@id":"https:\/\/www.qusaine.com\/en\/#website","url":"https:\/\/www.qusaine.com\/en\/","name":"Qusaine Pro | Productos inspirados en la naturaleza","description":"La naturaleza nos inspira. Cosm\u00e9tica sana, segura y de calidad","publisher":{"@id":"https:\/\/www.qusaine.com\/en\/#organization"},"potentialAction":[{"@type":"SearchAction","target":{"@type":"EntryPoint","urlTemplate":"https:\/\/www.qusaine.com\/en\/?s={search_term_string}"},"query-input":{"@type":"PropertyValueSpecification","valueRequired":true,"valueName":"search_term_string"}}],"inLanguage":"en-US"},{"@type":"Organization","@id":"https:\/\/www.qusaine.com\/en\/#organization","name":"LabfS","url":"https:\/\/www.qusaine.com\/en\/","logo":{"@type":"ImageObject","inLanguage":"en-US","@id":"https:\/\/www.qusaine.com\/en\/#\/schema\/logo\/image\/","url":"https:\/\/www.qusaine.com\/wp-content\/uploads\/2026\/02\/Logo-QusainePRO-natural.png","contentUrl":"https:\/\/www.qusaine.com\/wp-content\/uploads\/2026\/02\/Logo-QusainePRO-natural.png","width":1668,"height":1668,"caption":"LabfS"},"image":{"@id":"https:\/\/www.qusaine.com\/en\/#\/schema\/logo\/image\/"},"sameAs":["https:\/\/www.facebook.com\/QusaineQualityCosmetics\/","https:\/\/www.instagram.com\/qusaine_pro"]}]}},"_links":{"self":[{"href":"https:\/\/www.qusaine.com\/en\/wp-json\/wp\/v2\/product\/3975","targetHints":{"allow":["GET"]}}],"collection":[{"href":"https:\/\/www.qusaine.com\/en\/wp-json\/wp\/v2\/product"}],"about":[{"href":"https:\/\/www.qusaine.com\/en\/wp-json\/wp\/v2\/types\/product"}],"replies":[{"embeddable":true,"href":"https:\/\/www.qusaine.com\/en\/wp-json\/wp\/v2\/comments?post=3975"}],"wp:featuredmedia":[{"embeddable":true,"href":"https:\/\/www.qusaine.com\/en\/wp-json\/wp\/v2\/media\/3980"}],"wp:attachment":[{"href":"https:\/\/www.qusaine.com\/en\/wp-json\/wp\/v2\/media?parent=3975"}],"wp:term":[{"taxonomy":"product_brand","embeddable":true,"href":"https:\/\/www.qusaine.com\/en\/wp-json\/wp\/v2\/product_brand?post=3975"},{"taxonomy":"product_cat","embeddable":true,"href":"https:\/\/www.qusaine.com\/en\/wp-json\/wp\/v2\/product_cat?post=3975"},{"taxonomy":"product_tag","embeddable":true,"href":"https:\/\/www.qusaine.com\/en\/wp-json\/wp\/v2\/product_tag?post=3975"}],"curies":[{"name":"wp","href":"https:\/\/api.w.org\/{rel}","templated":true}]}}