{"id":3860,"date":"2024-12-19T13:30:46","date_gmt":"2024-12-19T12:30:46","guid":{"rendered":"https:\/\/www.qusaine.com\/?post_type=product&#038;p=3860"},"modified":"2025-03-24T12:42:37","modified_gmt":"2025-03-24T11:42:37","slug":"22021-anfr-perfume-mujer","status":"publish","type":"product","link":"https:\/\/www.qusaine.com\/eau\/22021-anfr-perfume-de-mujer\/","title":{"rendered":"22021 ANFR Perfume de mujer"},"content":{"rendered":"<div class=\"flex-shrink-0 flex flex-col relative items-end\">\n<div>\n<div class=\"pt-0\">\n<div class=\"gizmo-bot-avatar flex h-8 w-8 items-center justify-center overflow-hidden rounded-full\">\n<div class=\"relative p-1 rounded-sm flex items-center justify-center bg-token-main-surface-primary text-token-text-primary h-8 w-8\"><\/div>\n<\/div>\n<\/div>\n<\/div>\n<\/div>\n<div class=\"group\/conversation-turn relative flex w-full min-w-0 flex-col agent-turn\">\n<div class=\"flex-col gap-1 md:gap-3\">\n<div class=\"flex max-w-full flex-col flex-grow\">\n<div class=\"min-h-8 text-message flex w-full flex-col items-end gap-2 whitespace-normal break-words text-start [.text-message+&amp;]:mt-5\" dir=\"auto\" data-message-author-role=\"assistant\" data-message-id=\"5d14750c-5408-4f17-9da9-4df0965c11ef\" data-message-model-slug=\"gpt-4o\">\n<div class=\"flex w-full flex-col gap-1 empty:hidden first:pt-[3px]\">\n<div class=\"markdown prose w-full break-words dark:prose-invert light\">\n<p>Es una esencia cautivadora y enigm\u00e1tica que evoca la creatividad y el anhelo de vivir momentos inolvidables.<\/p>\n<p>Este aroma para mujer combina de manera sublime frutas y flores. Su inicio presenta un acorde frutal de fresa, melocot\u00f3n y bergamota calabria, que da lugar a un coraz\u00f3n floral lleno de elegancia y suavidad, donde predominan las orqu\u00eddeas, muguete y jazm\u00edn. Al asentarse, revela un fondo c\u00e1lido y envolvente de madera de s\u00e1ndalo y \u00e1mbar, enriquecido con un delicado matiz de pachuli.<\/p>\n<p>Conoce todos nuestros productos <a href=\"https:\/\/www.qusaine.com\/productos\/\">aqu\u00ed<\/a>.<\/p>\n<\/div>\n<\/div>\n<\/div>\n<\/div>\n<\/div>\n<\/div>\n","protected":false},"excerpt":{"rendered":"<p>Este perfume de mujer combina de manera sublime frutas y flores. Su inicio presenta un acorde frutal de fresa, melocot\u00f3n y bergamota calabria, que da lugar a un coraz\u00f3n floral lleno de elegancia y suavidad, donde predominan las orqu\u00eddeas, muguete y jazm\u00edn. Al asentarse, revela un fondo c\u00e1lido y envolvente de madera de s\u00e1ndalo y \u00e1mbar, enriquecido con un delicado matiz de pachuli. Es una esencia cautivadora y enigm\u00e1tica que evoca la creatividad y la euforia al vivir momentos inolvidables.<\/p>\n<p><strong>Familia olfativa: \u00e1mbar-floral<\/strong><\/p>\n","protected":false},"featured_media":3865,"comment_status":"closed","ping_status":"closed","template":"","meta":{"_acf_changed":false},"product_brand":[],"product_cat":[599,601],"product_tag":[608,614,609],"class_list":{"0":"post-3860","1":"product","2":"type-product","3":"status-publish","4":"has-post-thumbnail","6":"product_cat-eau","7":"product_cat-perfumes-de-mujer","8":"product_tag-eau","9":"product_tag-mujer","10":"product_tag-perfume","12":"first","13":"instock","14":"taxable","15":"shipping-taxable","16":"purchasable","17":"product-type-variable"},"acf":[],"yoast_head":"<!-- This site is optimized with the Yoast SEO Premium plugin v21.2 (Yoast SEO v27.4) - https:\/\/yoast.com\/product\/yoast-seo-premium-wordpress\/ -->\n<title>22021 ANFR Perfume de mujer | Qusaine Pro | Productos inspirados en la naturaleza<\/title>\n<meta name=\"description\" content=\"22021 ANFR es un perfume de mujer con una fragancia seductora y sensual donde se mezclan notas c\u00edtricas, florales y amaderadas.\" \/>\n<meta name=\"robots\" content=\"index, follow, max-snippet:-1, max-image-preview:large, max-video-preview:-1\" \/>\n<link rel=\"canonical\" href=\"https:\/\/www.qusaine.com\/en\/eau\/22021-anfr-perfume-de-mujer\/\" \/>\n<meta property=\"og:locale\" content=\"en_US\" \/>\n<meta property=\"og:type\" content=\"article\" \/>\n<meta property=\"og:title\" content=\"22021 ANFR Perfume de mujer\" \/>\n<meta property=\"og:description\" content=\"22021 ANFR es un perfume de mujer con una fragancia seductora y sensual donde se mezclan notas c\u00edtricas, florales y amaderadas.\" \/>\n<meta property=\"og:url\" content=\"https:\/\/www.qusaine.com\/eau\/22021-anfr-perfume-de-mujer\/\" \/>\n<meta property=\"og:site_name\" content=\"Qusaine Pro | Productos inspirados en la naturaleza\" \/>\n<meta property=\"article:publisher\" content=\"https:\/\/www.facebook.com\/QusaineQualityCosmetics\/\" \/>\n<meta property=\"article:modified_time\" content=\"2025-03-24T11:42:37+00:00\" \/>\n<meta property=\"og:image\" content=\"https:\/\/www.qusaine.com\/wp-content\/uploads\/2024\/12\/DSC08298-EAU100-22021ANFR-Women-683x1024.png\" \/>\n\t<meta property=\"og:image:width\" content=\"683\" \/>\n\t<meta property=\"og:image:height\" content=\"1024\" \/>\n\t<meta property=\"og:image:type\" content=\"image\/png\" \/>\n<meta name=\"twitter:card\" content=\"summary_large_image\" \/>\n<meta name=\"twitter:label1\" content=\"Est. reading time\" \/>\n\t<meta name=\"twitter:data1\" content=\"1 minute\" \/>\n<script type=\"application\/ld+json\" class=\"yoast-schema-graph\">{\"@context\":\"https:\\\/\\\/schema.org\",\"@graph\":[{\"@type\":\"WebPage\",\"@id\":\"https:\\\/\\\/www.qusaine.com\\\/eau\\\/22021-anfr-perfume-de-mujer\\\/\",\"url\":\"https:\\\/\\\/www.qusaine.com\\\/eau\\\/22021-anfr-perfume-de-mujer\\\/\",\"name\":\"22021 ANFR Perfume de mujer | Qusaine Pro | Productos inspirados en la naturaleza\",\"isPartOf\":{\"@id\":\"https:\\\/\\\/www.qusaine.com\\\/en\\\/#website\"},\"primaryImageOfPage\":{\"@id\":\"https:\\\/\\\/www.qusaine.com\\\/eau\\\/22021-anfr-perfume-de-mujer\\\/#primaryimage\"},\"image\":{\"@id\":\"https:\\\/\\\/www.qusaine.com\\\/eau\\\/22021-anfr-perfume-de-mujer\\\/#primaryimage\"},\"thumbnailUrl\":\"https:\\\/\\\/www.qusaine.com\\\/wp-content\\\/uploads\\\/2024\\\/12\\\/DSC08298-EAU100-22021ANFR-Women.png\",\"datePublished\":\"2024-12-19T12:30:46+00:00\",\"dateModified\":\"2025-03-24T11:42:37+00:00\",\"description\":\"22021 ANFR es un perfume de mujer con una fragancia seductora y sensual donde se mezclan notas c\u00edtricas, florales y amaderadas.\",\"breadcrumb\":{\"@id\":\"https:\\\/\\\/www.qusaine.com\\\/eau\\\/22021-anfr-perfume-de-mujer\\\/#breadcrumb\"},\"inLanguage\":\"en-US\",\"potentialAction\":[{\"@type\":\"ReadAction\",\"target\":[\"https:\\\/\\\/www.qusaine.com\\\/eau\\\/22021-anfr-perfume-de-mujer\\\/\"]}]},{\"@type\":\"ImageObject\",\"inLanguage\":\"en-US\",\"@id\":\"https:\\\/\\\/www.qusaine.com\\\/eau\\\/22021-anfr-perfume-de-mujer\\\/#primaryimage\",\"url\":\"https:\\\/\\\/www.qusaine.com\\\/wp-content\\\/uploads\\\/2024\\\/12\\\/DSC08298-EAU100-22021ANFR-Women.png\",\"contentUrl\":\"https:\\\/\\\/www.qusaine.com\\\/wp-content\\\/uploads\\\/2024\\\/12\\\/DSC08298-EAU100-22021ANFR-Women.png\",\"width\":2624,\"height\":3936,\"caption\":\"22021 ANFR perfume de mujer\"},{\"@type\":\"BreadcrumbList\",\"@id\":\"https:\\\/\\\/www.qusaine.com\\\/eau\\\/22021-anfr-perfume-de-mujer\\\/#breadcrumb\",\"itemListElement\":[{\"@type\":\"ListItem\",\"position\":1,\"name\":\"Home\",\"item\":\"https:\\\/\\\/www.qusaine.com\\\/en\\\/\"},{\"@type\":\"ListItem\",\"position\":2,\"name\":\"Shop\",\"item\":\"https:\\\/\\\/www.qusaine.com\\\/en\\\/shop\\\/\"},{\"@type\":\"ListItem\",\"position\":3,\"name\":\"22021 ANFR Perfume de mujer\"}]},{\"@type\":\"WebSite\",\"@id\":\"https:\\\/\\\/www.qusaine.com\\\/en\\\/#website\",\"url\":\"https:\\\/\\\/www.qusaine.com\\\/en\\\/\",\"name\":\"Qusaine Pro | Productos inspirados en la naturaleza\",\"description\":\"La naturaleza nos inspira. Cosm\u00e9tica sana, segura y de calidad\",\"publisher\":{\"@id\":\"https:\\\/\\\/www.qusaine.com\\\/en\\\/#organization\"},\"potentialAction\":[{\"@type\":\"SearchAction\",\"target\":{\"@type\":\"EntryPoint\",\"urlTemplate\":\"https:\\\/\\\/www.qusaine.com\\\/en\\\/?s={search_term_string}\"},\"query-input\":{\"@type\":\"PropertyValueSpecification\",\"valueRequired\":true,\"valueName\":\"search_term_string\"}}],\"inLanguage\":\"en-US\"},{\"@type\":\"Organization\",\"@id\":\"https:\\\/\\\/www.qusaine.com\\\/en\\\/#organization\",\"name\":\"LabfS\",\"url\":\"https:\\\/\\\/www.qusaine.com\\\/en\\\/\",\"logo\":{\"@type\":\"ImageObject\",\"inLanguage\":\"en-US\",\"@id\":\"https:\\\/\\\/www.qusaine.com\\\/en\\\/#\\\/schema\\\/logo\\\/image\\\/\",\"url\":\"https:\\\/\\\/www.qusaine.com\\\/wp-content\\\/uploads\\\/2026\\\/02\\\/Logo-QusainePRO-natural.png\",\"contentUrl\":\"https:\\\/\\\/www.qusaine.com\\\/wp-content\\\/uploads\\\/2026\\\/02\\\/Logo-QusainePRO-natural.png\",\"width\":1668,\"height\":1668,\"caption\":\"LabfS\"},\"image\":{\"@id\":\"https:\\\/\\\/www.qusaine.com\\\/en\\\/#\\\/schema\\\/logo\\\/image\\\/\"},\"sameAs\":[\"https:\\\/\\\/www.facebook.com\\\/QusaineQualityCosmetics\\\/\",\"https:\\\/\\\/www.instagram.com\\\/qusaine_pro\"]}]}<\/script>\n<!-- \/ Yoast SEO Premium plugin. -->","yoast_head_json":{"title":"22021 ANFR Perfume de mujer | Qusaine Pro | Productos inspirados en la naturaleza","description":"22021 ANFR es un perfume de mujer con una fragancia seductora y sensual donde se mezclan notas c\u00edtricas, florales y amaderadas.","robots":{"index":"index","follow":"follow","max-snippet":"max-snippet:-1","max-image-preview":"max-image-preview:large","max-video-preview":"max-video-preview:-1"},"canonical":"https:\/\/www.qusaine.com\/en\/eau\/22021-anfr-perfume-de-mujer\/","og_locale":"en_US","og_type":"article","og_title":"22021 ANFR Perfume de mujer","og_description":"22021 ANFR es un perfume de mujer con una fragancia seductora y sensual donde se mezclan notas c\u00edtricas, florales y amaderadas.","og_url":"https:\/\/www.qusaine.com\/eau\/22021-anfr-perfume-de-mujer\/","og_site_name":"Qusaine Pro | Productos inspirados en la naturaleza","article_publisher":"https:\/\/www.facebook.com\/QusaineQualityCosmetics\/","article_modified_time":"2025-03-24T11:42:37+00:00","og_image":[{"width":683,"height":1024,"url":"https:\/\/www.qusaine.com\/wp-content\/uploads\/2024\/12\/DSC08298-EAU100-22021ANFR-Women-683x1024.png","type":"image\/png"}],"twitter_card":"summary_large_image","twitter_misc":{"Est. reading time":"1 minute"},"schema":{"@context":"https:\/\/schema.org","@graph":[{"@type":"WebPage","@id":"https:\/\/www.qusaine.com\/eau\/22021-anfr-perfume-de-mujer\/","url":"https:\/\/www.qusaine.com\/eau\/22021-anfr-perfume-de-mujer\/","name":"22021 ANFR Perfume de mujer | Qusaine Pro | Productos inspirados en la naturaleza","isPartOf":{"@id":"https:\/\/www.qusaine.com\/en\/#website"},"primaryImageOfPage":{"@id":"https:\/\/www.qusaine.com\/eau\/22021-anfr-perfume-de-mujer\/#primaryimage"},"image":{"@id":"https:\/\/www.qusaine.com\/eau\/22021-anfr-perfume-de-mujer\/#primaryimage"},"thumbnailUrl":"https:\/\/www.qusaine.com\/wp-content\/uploads\/2024\/12\/DSC08298-EAU100-22021ANFR-Women.png","datePublished":"2024-12-19T12:30:46+00:00","dateModified":"2025-03-24T11:42:37+00:00","description":"22021 ANFR es un perfume de mujer con una fragancia seductora y sensual donde se mezclan notas c\u00edtricas, florales y amaderadas.","breadcrumb":{"@id":"https:\/\/www.qusaine.com\/eau\/22021-anfr-perfume-de-mujer\/#breadcrumb"},"inLanguage":"en-US","potentialAction":[{"@type":"ReadAction","target":["https:\/\/www.qusaine.com\/eau\/22021-anfr-perfume-de-mujer\/"]}]},{"@type":"ImageObject","inLanguage":"en-US","@id":"https:\/\/www.qusaine.com\/eau\/22021-anfr-perfume-de-mujer\/#primaryimage","url":"https:\/\/www.qusaine.com\/wp-content\/uploads\/2024\/12\/DSC08298-EAU100-22021ANFR-Women.png","contentUrl":"https:\/\/www.qusaine.com\/wp-content\/uploads\/2024\/12\/DSC08298-EAU100-22021ANFR-Women.png","width":2624,"height":3936,"caption":"22021 ANFR perfume de mujer"},{"@type":"BreadcrumbList","@id":"https:\/\/www.qusaine.com\/eau\/22021-anfr-perfume-de-mujer\/#breadcrumb","itemListElement":[{"@type":"ListItem","position":1,"name":"Home","item":"https:\/\/www.qusaine.com\/en\/"},{"@type":"ListItem","position":2,"name":"Shop","item":"https:\/\/www.qusaine.com\/en\/shop\/"},{"@type":"ListItem","position":3,"name":"22021 ANFR Perfume de mujer"}]},{"@type":"WebSite","@id":"https:\/\/www.qusaine.com\/en\/#website","url":"https:\/\/www.qusaine.com\/en\/","name":"Qusaine Pro | Productos inspirados en la naturaleza","description":"La naturaleza nos inspira. Cosm\u00e9tica sana, segura y de calidad","publisher":{"@id":"https:\/\/www.qusaine.com\/en\/#organization"},"potentialAction":[{"@type":"SearchAction","target":{"@type":"EntryPoint","urlTemplate":"https:\/\/www.qusaine.com\/en\/?s={search_term_string}"},"query-input":{"@type":"PropertyValueSpecification","valueRequired":true,"valueName":"search_term_string"}}],"inLanguage":"en-US"},{"@type":"Organization","@id":"https:\/\/www.qusaine.com\/en\/#organization","name":"LabfS","url":"https:\/\/www.qusaine.com\/en\/","logo":{"@type":"ImageObject","inLanguage":"en-US","@id":"https:\/\/www.qusaine.com\/en\/#\/schema\/logo\/image\/","url":"https:\/\/www.qusaine.com\/wp-content\/uploads\/2026\/02\/Logo-QusainePRO-natural.png","contentUrl":"https:\/\/www.qusaine.com\/wp-content\/uploads\/2026\/02\/Logo-QusainePRO-natural.png","width":1668,"height":1668,"caption":"LabfS"},"image":{"@id":"https:\/\/www.qusaine.com\/en\/#\/schema\/logo\/image\/"},"sameAs":["https:\/\/www.facebook.com\/QusaineQualityCosmetics\/","https:\/\/www.instagram.com\/qusaine_pro"]}]}},"_links":{"self":[{"href":"https:\/\/www.qusaine.com\/en\/wp-json\/wp\/v2\/product\/3860","targetHints":{"allow":["GET"]}}],"collection":[{"href":"https:\/\/www.qusaine.com\/en\/wp-json\/wp\/v2\/product"}],"about":[{"href":"https:\/\/www.qusaine.com\/en\/wp-json\/wp\/v2\/types\/product"}],"replies":[{"embeddable":true,"href":"https:\/\/www.qusaine.com\/en\/wp-json\/wp\/v2\/comments?post=3860"}],"wp:featuredmedia":[{"embeddable":true,"href":"https:\/\/www.qusaine.com\/en\/wp-json\/wp\/v2\/media\/3865"}],"wp:attachment":[{"href":"https:\/\/www.qusaine.com\/en\/wp-json\/wp\/v2\/media?parent=3860"}],"wp:term":[{"taxonomy":"product_brand","embeddable":true,"href":"https:\/\/www.qusaine.com\/en\/wp-json\/wp\/v2\/product_brand?post=3860"},{"taxonomy":"product_cat","embeddable":true,"href":"https:\/\/www.qusaine.com\/en\/wp-json\/wp\/v2\/product_cat?post=3860"},{"taxonomy":"product_tag","embeddable":true,"href":"https:\/\/www.qusaine.com\/en\/wp-json\/wp\/v2\/product_tag?post=3860"}],"curies":[{"name":"wp","href":"https:\/\/api.w.org\/{rel}","templated":true}]}}