{"id":3713,"date":"2024-12-19T12:28:36","date_gmt":"2024-12-19T11:28:36","guid":{"rendered":"https:\/\/www.qusaine.com\/?post_type=product&#038;p=3713"},"modified":"2025-03-24T12:45:09","modified_gmt":"2025-03-24T11:45:09","slug":"21015-hmbr-perfum-hombre","status":"publish","type":"product","link":"https:\/\/www.qusaine.com\/eau\/hombre\/21015-hmbr-perfume-de-hombre\/","title":{"rendered":"21015 HMBR Perfume de hombre"},"content":{"rendered":"<p>Este perfume de hombre de car\u00e1cter inconformista ofrece una estela olfativa fresca, vibrante y tan c\u00e1lida como perdurable.\u00a0Sus notas de salida, la lavanda, tomillo y cardamomo se combinan magistralmente con la c\u00e1lida y envolvente sensualidad de la canela, jazm\u00edn y lirio de los valles creando una fragancia que es tan nost\u00e1lgica como contempor\u00e1nea. En el fondo de la fragancia se asientan notas amaderadas de s\u00e1ndalo, \u00e1mbar, vainilla.<\/p>\n<p>Conoce todos nuestros productos <a href=\"https:\/\/www.qusaine.com\/productos\/\">aqu\u00ed<\/a>.<\/p>\n","protected":false},"excerpt":{"rendered":"<p>Este perfume de hombre de car\u00e1cter inconformista ofrece una estela olfativa fresca, vibrante y tan c\u00e1lida como perdurable.\u00a0Sus notas de salida, la lavanda, tomillo y cardamomo se combinan magistralmente con la c\u00e1lida y envolvente sensualidad de la canela, jazm\u00edn y lirio de los valles creando una fragancia que es tan nost\u00e1lgica como contempor\u00e1nea. En el fondo de la fragancia se asientan notas amaderadas de s\u00e1ndalo, \u00e1mbar, vainilla.<\/p>\n<p><strong>Familia olfativa: \u00c1mbar Foug\u00e8re<\/strong><\/p>\n","protected":false},"featured_media":3718,"comment_status":"closed","ping_status":"closed","template":"","meta":{"_acf_changed":false},"product_brand":[],"product_cat":[599,600],"product_tag":[608,615,609],"class_list":{"0":"post-3713","1":"product","2":"type-product","3":"status-publish","4":"has-post-thumbnail","6":"product_cat-eau","7":"product_cat-hombre","8":"product_tag-eau","9":"product_tag-hombre","10":"product_tag-perfume","12":"first","13":"instock","14":"taxable","15":"shipping-taxable","16":"purchasable","17":"product-type-variable"},"acf":[],"yoast_head":"<!-- This site is optimized with the Yoast SEO Premium plugin v21.2 (Yoast SEO v27.3) - https:\/\/yoast.com\/product\/yoast-seo-premium-wordpress\/ -->\n<title>21015 HMBR Perfume de hombre | Qusaine Pro | Productos inspirados en la naturaleza<\/title>\n<meta name=\"description\" content=\"Este perfume de hombre de car\u00e1cter inconformista ofrece una estela olfativa fresca con notas de lavanda, canela, s\u00e1ndalo y \u00e1mbar.\" \/>\n<meta name=\"robots\" content=\"index, follow, max-snippet:-1, max-image-preview:large, max-video-preview:-1\" \/>\n<link rel=\"canonical\" href=\"https:\/\/www.qusaine.com\/en\/eau\/hombre\/21015-hmbr-perfume-de-hombre\/\" \/>\n<meta property=\"og:locale\" content=\"en_US\" \/>\n<meta property=\"og:type\" content=\"article\" \/>\n<meta property=\"og:title\" content=\"21015 HMBR Perfume de hombre\" \/>\n<meta property=\"og:description\" content=\"Este perfume de hombre de car\u00e1cter inconformista ofrece una estela olfativa fresca con notas de lavanda, canela, s\u00e1ndalo y \u00e1mbar.\" \/>\n<meta property=\"og:url\" content=\"https:\/\/www.qusaine.com\/eau\/hombre\/21015-hmbr-perfume-de-hombre\/\" \/>\n<meta property=\"og:site_name\" content=\"Qusaine Pro | Productos inspirados en la naturaleza\" \/>\n<meta property=\"article:publisher\" content=\"https:\/\/www.facebook.com\/QusaineQualityCosmetics\/\" \/>\n<meta property=\"article:modified_time\" content=\"2025-03-24T11:45:09+00:00\" \/>\n<meta property=\"og:image\" content=\"https:\/\/www.qusaine.com\/wp-content\/uploads\/2024\/12\/DSC08298-EAU100-21015HMBR-Men-683x1024.png\" \/>\n\t<meta property=\"og:image:width\" content=\"683\" \/>\n\t<meta property=\"og:image:height\" content=\"1024\" \/>\n\t<meta property=\"og:image:type\" content=\"image\/png\" \/>\n<meta name=\"twitter:card\" content=\"summary_large_image\" \/>\n<meta name=\"twitter:label1\" content=\"Est. reading time\" \/>\n\t<meta name=\"twitter:data1\" content=\"1 minute\" \/>\n<script type=\"application\/ld+json\" class=\"yoast-schema-graph\">{\"@context\":\"https:\\\/\\\/schema.org\",\"@graph\":[{\"@type\":\"WebPage\",\"@id\":\"https:\\\/\\\/www.qusaine.com\\\/eau\\\/hombre\\\/21015-hmbr-perfume-de-hombre\\\/\",\"url\":\"https:\\\/\\\/www.qusaine.com\\\/eau\\\/hombre\\\/21015-hmbr-perfume-de-hombre\\\/\",\"name\":\"21015 HMBR Perfume de hombre | Qusaine Pro | Productos inspirados en la naturaleza\",\"isPartOf\":{\"@id\":\"https:\\\/\\\/www.qusaine.com\\\/en\\\/#website\"},\"primaryImageOfPage\":{\"@id\":\"https:\\\/\\\/www.qusaine.com\\\/eau\\\/hombre\\\/21015-hmbr-perfume-de-hombre\\\/#primaryimage\"},\"image\":{\"@id\":\"https:\\\/\\\/www.qusaine.com\\\/eau\\\/hombre\\\/21015-hmbr-perfume-de-hombre\\\/#primaryimage\"},\"thumbnailUrl\":\"https:\\\/\\\/www.qusaine.com\\\/wp-content\\\/uploads\\\/2024\\\/12\\\/DSC08298-EAU100-21015HMBR-Men.png\",\"datePublished\":\"2024-12-19T11:28:36+00:00\",\"dateModified\":\"2025-03-24T11:45:09+00:00\",\"description\":\"Este perfume de hombre de car\u00e1cter inconformista ofrece una estela olfativa fresca con notas de lavanda, canela, s\u00e1ndalo y \u00e1mbar.\",\"breadcrumb\":{\"@id\":\"https:\\\/\\\/www.qusaine.com\\\/eau\\\/hombre\\\/21015-hmbr-perfume-de-hombre\\\/#breadcrumb\"},\"inLanguage\":\"en-US\",\"potentialAction\":[{\"@type\":\"ReadAction\",\"target\":[\"https:\\\/\\\/www.qusaine.com\\\/eau\\\/hombre\\\/21015-hmbr-perfume-de-hombre\\\/\"]}]},{\"@type\":\"ImageObject\",\"inLanguage\":\"en-US\",\"@id\":\"https:\\\/\\\/www.qusaine.com\\\/eau\\\/hombre\\\/21015-hmbr-perfume-de-hombre\\\/#primaryimage\",\"url\":\"https:\\\/\\\/www.qusaine.com\\\/wp-content\\\/uploads\\\/2024\\\/12\\\/DSC08298-EAU100-21015HMBR-Men.png\",\"contentUrl\":\"https:\\\/\\\/www.qusaine.com\\\/wp-content\\\/uploads\\\/2024\\\/12\\\/DSC08298-EAU100-21015HMBR-Men.png\",\"width\":2624,\"height\":3936,\"caption\":\"22015 HMBR Perfume de hombre\"},{\"@type\":\"BreadcrumbList\",\"@id\":\"https:\\\/\\\/www.qusaine.com\\\/eau\\\/hombre\\\/21015-hmbr-perfume-de-hombre\\\/#breadcrumb\",\"itemListElement\":[{\"@type\":\"ListItem\",\"position\":1,\"name\":\"Home\",\"item\":\"https:\\\/\\\/www.qusaine.com\\\/en\\\/\"},{\"@type\":\"ListItem\",\"position\":2,\"name\":\"Shop\",\"item\":\"https:\\\/\\\/www.qusaine.com\\\/en\\\/shop\\\/\"},{\"@type\":\"ListItem\",\"position\":3,\"name\":\"21015 HMBR Perfume de hombre\"}]},{\"@type\":\"WebSite\",\"@id\":\"https:\\\/\\\/www.qusaine.com\\\/en\\\/#website\",\"url\":\"https:\\\/\\\/www.qusaine.com\\\/en\\\/\",\"name\":\"Qusaine Pro | Productos inspirados en la naturaleza\",\"description\":\"La naturaleza nos inspira. Cosm\u00e9tica sana, segura y de calidad\",\"publisher\":{\"@id\":\"https:\\\/\\\/www.qusaine.com\\\/en\\\/#organization\"},\"potentialAction\":[{\"@type\":\"SearchAction\",\"target\":{\"@type\":\"EntryPoint\",\"urlTemplate\":\"https:\\\/\\\/www.qusaine.com\\\/en\\\/?s={search_term_string}\"},\"query-input\":{\"@type\":\"PropertyValueSpecification\",\"valueRequired\":true,\"valueName\":\"search_term_string\"}}],\"inLanguage\":\"en-US\"},{\"@type\":\"Organization\",\"@id\":\"https:\\\/\\\/www.qusaine.com\\\/en\\\/#organization\",\"name\":\"LabfS\",\"url\":\"https:\\\/\\\/www.qusaine.com\\\/en\\\/\",\"logo\":{\"@type\":\"ImageObject\",\"inLanguage\":\"en-US\",\"@id\":\"https:\\\/\\\/www.qusaine.com\\\/en\\\/#\\\/schema\\\/logo\\\/image\\\/\",\"url\":\"https:\\\/\\\/www.qusaine.com\\\/wp-content\\\/uploads\\\/2026\\\/02\\\/Logo-QusainePRO-natural.png\",\"contentUrl\":\"https:\\\/\\\/www.qusaine.com\\\/wp-content\\\/uploads\\\/2026\\\/02\\\/Logo-QusainePRO-natural.png\",\"width\":1668,\"height\":1668,\"caption\":\"LabfS\"},\"image\":{\"@id\":\"https:\\\/\\\/www.qusaine.com\\\/en\\\/#\\\/schema\\\/logo\\\/image\\\/\"},\"sameAs\":[\"https:\\\/\\\/www.facebook.com\\\/QusaineQualityCosmetics\\\/\",\"https:\\\/\\\/www.instagram.com\\\/qusaine_pro\"]}]}<\/script>\n<!-- \/ Yoast SEO Premium plugin. -->","yoast_head_json":{"title":"21015 HMBR Perfume de hombre | Qusaine Pro | Productos inspirados en la naturaleza","description":"Este perfume de hombre de car\u00e1cter inconformista ofrece una estela olfativa fresca con notas de lavanda, canela, s\u00e1ndalo y \u00e1mbar.","robots":{"index":"index","follow":"follow","max-snippet":"max-snippet:-1","max-image-preview":"max-image-preview:large","max-video-preview":"max-video-preview:-1"},"canonical":"https:\/\/www.qusaine.com\/en\/eau\/hombre\/21015-hmbr-perfume-de-hombre\/","og_locale":"en_US","og_type":"article","og_title":"21015 HMBR Perfume de hombre","og_description":"Este perfume de hombre de car\u00e1cter inconformista ofrece una estela olfativa fresca con notas de lavanda, canela, s\u00e1ndalo y \u00e1mbar.","og_url":"https:\/\/www.qusaine.com\/eau\/hombre\/21015-hmbr-perfume-de-hombre\/","og_site_name":"Qusaine Pro | Productos inspirados en la naturaleza","article_publisher":"https:\/\/www.facebook.com\/QusaineQualityCosmetics\/","article_modified_time":"2025-03-24T11:45:09+00:00","og_image":[{"width":683,"height":1024,"url":"https:\/\/www.qusaine.com\/wp-content\/uploads\/2024\/12\/DSC08298-EAU100-21015HMBR-Men-683x1024.png","type":"image\/png"}],"twitter_card":"summary_large_image","twitter_misc":{"Est. reading time":"1 minute"},"schema":{"@context":"https:\/\/schema.org","@graph":[{"@type":"WebPage","@id":"https:\/\/www.qusaine.com\/eau\/hombre\/21015-hmbr-perfume-de-hombre\/","url":"https:\/\/www.qusaine.com\/eau\/hombre\/21015-hmbr-perfume-de-hombre\/","name":"21015 HMBR Perfume de hombre | Qusaine Pro | Productos inspirados en la naturaleza","isPartOf":{"@id":"https:\/\/www.qusaine.com\/en\/#website"},"primaryImageOfPage":{"@id":"https:\/\/www.qusaine.com\/eau\/hombre\/21015-hmbr-perfume-de-hombre\/#primaryimage"},"image":{"@id":"https:\/\/www.qusaine.com\/eau\/hombre\/21015-hmbr-perfume-de-hombre\/#primaryimage"},"thumbnailUrl":"https:\/\/www.qusaine.com\/wp-content\/uploads\/2024\/12\/DSC08298-EAU100-21015HMBR-Men.png","datePublished":"2024-12-19T11:28:36+00:00","dateModified":"2025-03-24T11:45:09+00:00","description":"Este perfume de hombre de car\u00e1cter inconformista ofrece una estela olfativa fresca con notas de lavanda, canela, s\u00e1ndalo y \u00e1mbar.","breadcrumb":{"@id":"https:\/\/www.qusaine.com\/eau\/hombre\/21015-hmbr-perfume-de-hombre\/#breadcrumb"},"inLanguage":"en-US","potentialAction":[{"@type":"ReadAction","target":["https:\/\/www.qusaine.com\/eau\/hombre\/21015-hmbr-perfume-de-hombre\/"]}]},{"@type":"ImageObject","inLanguage":"en-US","@id":"https:\/\/www.qusaine.com\/eau\/hombre\/21015-hmbr-perfume-de-hombre\/#primaryimage","url":"https:\/\/www.qusaine.com\/wp-content\/uploads\/2024\/12\/DSC08298-EAU100-21015HMBR-Men.png","contentUrl":"https:\/\/www.qusaine.com\/wp-content\/uploads\/2024\/12\/DSC08298-EAU100-21015HMBR-Men.png","width":2624,"height":3936,"caption":"22015 HMBR Perfume de hombre"},{"@type":"BreadcrumbList","@id":"https:\/\/www.qusaine.com\/eau\/hombre\/21015-hmbr-perfume-de-hombre\/#breadcrumb","itemListElement":[{"@type":"ListItem","position":1,"name":"Home","item":"https:\/\/www.qusaine.com\/en\/"},{"@type":"ListItem","position":2,"name":"Shop","item":"https:\/\/www.qusaine.com\/en\/shop\/"},{"@type":"ListItem","position":3,"name":"21015 HMBR Perfume de hombre"}]},{"@type":"WebSite","@id":"https:\/\/www.qusaine.com\/en\/#website","url":"https:\/\/www.qusaine.com\/en\/","name":"Qusaine Pro | Productos inspirados en la naturaleza","description":"La naturaleza nos inspira. Cosm\u00e9tica sana, segura y de calidad","publisher":{"@id":"https:\/\/www.qusaine.com\/en\/#organization"},"potentialAction":[{"@type":"SearchAction","target":{"@type":"EntryPoint","urlTemplate":"https:\/\/www.qusaine.com\/en\/?s={search_term_string}"},"query-input":{"@type":"PropertyValueSpecification","valueRequired":true,"valueName":"search_term_string"}}],"inLanguage":"en-US"},{"@type":"Organization","@id":"https:\/\/www.qusaine.com\/en\/#organization","name":"LabfS","url":"https:\/\/www.qusaine.com\/en\/","logo":{"@type":"ImageObject","inLanguage":"en-US","@id":"https:\/\/www.qusaine.com\/en\/#\/schema\/logo\/image\/","url":"https:\/\/www.qusaine.com\/wp-content\/uploads\/2026\/02\/Logo-QusainePRO-natural.png","contentUrl":"https:\/\/www.qusaine.com\/wp-content\/uploads\/2026\/02\/Logo-QusainePRO-natural.png","width":1668,"height":1668,"caption":"LabfS"},"image":{"@id":"https:\/\/www.qusaine.com\/en\/#\/schema\/logo\/image\/"},"sameAs":["https:\/\/www.facebook.com\/QusaineQualityCosmetics\/","https:\/\/www.instagram.com\/qusaine_pro"]}]}},"_links":{"self":[{"href":"https:\/\/www.qusaine.com\/en\/wp-json\/wp\/v2\/product\/3713","targetHints":{"allow":["GET"]}}],"collection":[{"href":"https:\/\/www.qusaine.com\/en\/wp-json\/wp\/v2\/product"}],"about":[{"href":"https:\/\/www.qusaine.com\/en\/wp-json\/wp\/v2\/types\/product"}],"replies":[{"embeddable":true,"href":"https:\/\/www.qusaine.com\/en\/wp-json\/wp\/v2\/comments?post=3713"}],"wp:featuredmedia":[{"embeddable":true,"href":"https:\/\/www.qusaine.com\/en\/wp-json\/wp\/v2\/media\/3718"}],"wp:attachment":[{"href":"https:\/\/www.qusaine.com\/en\/wp-json\/wp\/v2\/media?parent=3713"}],"wp:term":[{"taxonomy":"product_brand","embeddable":true,"href":"https:\/\/www.qusaine.com\/en\/wp-json\/wp\/v2\/product_brand?post=3713"},{"taxonomy":"product_cat","embeddable":true,"href":"https:\/\/www.qusaine.com\/en\/wp-json\/wp\/v2\/product_cat?post=3713"},{"taxonomy":"product_tag","embeddable":true,"href":"https:\/\/www.qusaine.com\/en\/wp-json\/wp\/v2\/product_tag?post=3713"}],"curies":[{"name":"wp","href":"https:\/\/api.w.org\/{rel}","templated":true}]}}